{"id":23,"date":"2025-01-09T11:50:47","date_gmt":"2025-01-09T11:50:47","guid":{"rendered":"https:\/\/ehlen-bau.de\/?page_id=23"},"modified":"2025-01-10T10:47:34","modified_gmt":"2025-01-10T10:47:34","slug":"impressum","status":"publish","type":"page","link":"https:\/\/ehlen-bau.de\/?page_id=23","title":{"rendered":"Impressum"},"content":{"rendered":"\t\t<div data-elementor-type=\"wp-page\" data-elementor-id=\"23\" class=\"elementor elementor-23\">\n\t\t\t\t<footer class=\"elementor-element elementor-element-e36b7a1 e-flex e-con-boxed e-con e-parent\" data-id=\"e36b7a1\" data-element_type=\"container\" data-e-type=\"container\">\n\t\t\t\t\t<div class=\"e-con-inner\">\n\t\t<div class=\"elementor-element elementor-element-3a939b3 e-con-full e-flex e-con e-child\" data-id=\"3a939b3\" data-element_type=\"container\" data-e-type=\"container\">\n\t\t\t\t<div class=\"elementor-element elementor-element-3df213c elementor-widget elementor-widget-image\" data-id=\"3df213c\" data-element_type=\"widget\" data-e-type=\"widget\" data-widget_type=\"image.default\">\n\t\t\t\t<div class=\"elementor-widget-container\">\n\t\t\t\t\t\t\t\t\t\t\t\t\t\t\t\t<a href=\"http:\/\/www.ehlen-bau.de\">\n\t\t\t\t\t\t\t<img decoding=\"async\" width=\"148\" height=\"151\" src=\"https:\/\/ehlen-bau.de\/wp-content\/uploads\/2025\/01\/Logo.png\" class=\"attachment-full size-full wp-image-81\" alt=\"\" \/>\t\t\t\t\t\t\t\t<\/a>\n\t\t\t\t\t\t\t\t\t\t\t\t\t\t\t<\/div>\n\t\t\t\t<\/div>\n\t\t\t\t<\/div>\n\t\t\t\t<div class=\"elementor-element elementor-element-cc81819 elementor-widget__width-inherit elementor-widget elementor-widget-heading\" data-id=\"cc81819\" data-element_type=\"widget\" data-e-type=\"widget\" data-widget_type=\"heading.default\">\n\t\t\t\t<div class=\"elementor-widget-container\">\n\t\t\t\t\t<h2 class=\"elementor-heading-title elementor-size-default\">Impressum<\/h2>\t\t\t\t<\/div>\n\t\t\t\t<\/div>\n\t\t<div class=\"elementor-element elementor-element-0906d70 e-con-full e-flex e-con e-child\" data-id=\"0906d70\" data-element_type=\"container\" data-e-type=\"container\">\n\t\t\t\t<\/div>\n\t\t\t\t\t<\/div>\n\t\t\t\t<\/footer>\n\t\t<div class=\"elementor-element elementor-element-10e3b49 e-flex e-con-boxed e-con e-parent\" data-id=\"10e3b49\" data-element_type=\"container\" data-e-type=\"container\">\n\t\t\t\t\t<div class=\"e-con-inner\">\n\t\t\t\t<div class=\"elementor-element elementor-element-1ad021c elementor-widget elementor-widget-text-editor\" data-id=\"1ad021c\" data-element_type=\"widget\" data-e-type=\"widget\" data-widget_type=\"text-editor.default\">\n\t\t\t\t<div class=\"elementor-widget-container\">\n\t\t\t\t\t\t\t\t\t<p>Website Ehlen Bau GmbH<br \/>Gem\u00e4\u00df \u00a7 28 BDSG widerspreche ich jeder kommerziellen Verwendung und Weitergabe meiner<br \/>Daten und den Daten von der Internetseite<br \/>Das Impressum gilt nur f\u00fcr die Internetpr\u00e4senz unter der Adresse:<br \/><a href=\"http:\/\/www.ehlen-bau.de\">http:\/\/www.ehlen-bau.de<\/a><\/p><p>Die Web-Pr\u00e4senz ist Teil des WWW und dementsprechend mit fremden, sich jederzeit wandeln<br \/>k\u00f6nnenden Web-Sites verkn\u00fcpft, die folglich auch nicht diesem Verantwortungsbereich<br \/>unterliegen und f\u00fcr die nachfolgende Informationen nicht gelten. Dass die Links weder gegen<br \/>Sitten noch Gesetze versto\u00dfen, wurde genau ein mal gepr\u00fcft: bevor sie hier aufgenommen<br \/>wurden. Solche Links, die zu fremden Webprojekten f\u00fchren, erkennen Sie daran: Externe Links<br \/>\u00f6ffnen \u00fcber ein neues Browserfenster. <br \/>Ehlen Bau GmbH<br \/>Br\u00fcggener Stra\u00dfe 11<br \/>50354 H\u00fcrth-Berrenrath<br \/>Telefon: 0 22 33 &#8211; 36 769<br \/>Telefax: 0 22 33 &#8211; 37 35 60<br \/>Gesch\u00e4ftsf\u00fchrer Thomas Ehlen<\/p><p>Unsere Firma wird bei Finanzamt H\u00fcrth unter der Steuer-Nr.: 224 &#8211; 5712 &#8211; 0355 gef\u00fchrt.<\/p><p>Urheberschutz und Nutzung<br \/>Der Urheber r\u00e4umt Ihnen ganz konkret das Nutzungsrecht ein, sich eine private Kopie f\u00fcr<br \/>pers\u00f6nliche Zwecke anzufertigen. Nicht berechtigt sind Sie dagegen, die Materialien zu ver\u00e4ndern<br \/>und \/oder weiter zu geben oder gar selbst zu ver\u00f6ffentlichen. Wenn nicht ausdr\u00fccklich anders<br \/>vermerkt, liegen die Urheberrechte f\u00fcr Texte und Bilder bei: Christian Werner Datenschutz:<br \/>Personenbezogene Daten werden nur mit Ihrem Wissen und Ihrer Einwilligung erhoben. Auf<br \/>Antrag erhalten Sie unentgeltlich Auskunft zu den \u00fcber Sie gespeicherten personenbezogenen<br \/>Daten. Wenden Sie sich dazu bitte an: Christian Werner.<\/p><p>Keine Haftung:<br \/>Die Inhalte dieses Webprojektes wurden sorgf\u00e4ltig gepr\u00fcft und nach bestem Wissen erstellt. Aber<br \/>f\u00fcr die hier dargebotenen Informationen wird kein Anspruch auf Vollst\u00e4ndigkeit, Aktualit\u00e4t,<br \/>Qualit\u00e4t und Richtigkeit erhoben. Es kann keine Verantwortung f\u00fcr Sch\u00e4den \u00fcbernommen werden,<br \/>die durch das Vertrauen auf die Inhalte dieser Website oder deren Gebrauch entstehen.<\/p><p>Schutzrechtsverletzung:<br \/>Die Ver\u00f6ffentlichung der Fotos erfolgt nach der vorab erfolgten allgemeinen Bekanntgabe \u00fcber die<br \/>Ver\u00f6ffentlichung der Bilder im Internet, sowie auf eine erhaltene ausdr\u00fcckliche Erlaubnis<br \/>abgelichteter Personen! Sollte im Einzelfall gegen die Ver\u00f6ffentlichung Widerspruch eingelegt<br \/>werden steht zur Kommunikation das G\u00e4stebuch oder unsere E-Mail Adresse zur Verf\u00fcgung.<br \/>Tragen Sie dort bitte die Rubriksowie die Bildnummer und den Vermerk L\u00d6SCHEN ein. Des<br \/>weiteren muss der vollst\u00e4ndige Name sowie die Anschrift hinterlegt werden. Anonyme Eintr\u00e4ge<br \/>sind rechtlich nicht verbindlich und werden nicht bearbeitet! Im Einzelfall wird dann entschieden<br \/>ob das Bild entfernt oder ob ein Teilbereich des Bildes geschw\u00e4rzt wird!<\/p><p>Falls Sie vermuten, dass von dieser Website aus eines Ihrer Schutzrechte verletzt wird, teilen Sie<br \/>das bitte umgehend per elektronischer Post mit, damit z\u00fcgig Abhilfe geschafft werden kann. Bitte<br \/>nehmen Sie zur Kenntnis: Die zeitaufw\u00e4ndigere Einschaltung eines Anwaltes zur f\u00fcr den<br \/>Diensteanbieter kostenpflichtigen Abmahnung entspricht nicht dessen wirklichen oder mutma\u00dflichen Willen.<\/p>\t\t\t\t\t\t\t\t<\/div>\n\t\t\t\t<\/div>\n\t\t\t\t\t<\/div>\n\t\t\t\t<\/div>\n\t\t<footer class=\"elementor-element elementor-element-858de23 e-flex e-con-boxed e-con e-parent\" data-id=\"858de23\" data-element_type=\"container\" data-e-type=\"container\">\n\t\t\t\t\t<div class=\"e-con-inner\">\n\t\t<div class=\"elementor-element elementor-element-0b0d953 e-con-full e-flex e-con e-child\" data-id=\"0b0d953\" data-element_type=\"container\" data-e-type=\"container\">\n\t\t\t\t<div class=\"elementor-element elementor-element-71a2f5f elementor-widget elementor-widget-image\" data-id=\"71a2f5f\" data-element_type=\"widget\" data-e-type=\"widget\" data-widget_type=\"image.default\">\n\t\t\t\t<div class=\"elementor-widget-container\">\n\t\t\t\t\t\t\t\t\t\t\t\t\t\t\t\t<a href=\"http:\/\/www.ehlen-bau.de\">\n\t\t\t\t\t\t\t<img decoding=\"async\" width=\"148\" height=\"151\" src=\"https:\/\/ehlen-bau.de\/wp-content\/uploads\/2025\/01\/Logo.png\" class=\"attachment-full size-full wp-image-81\" alt=\"\" \/>\t\t\t\t\t\t\t\t<\/a>\n\t\t\t\t\t\t\t\t\t\t\t\t\t\t\t<\/div>\n\t\t\t\t<\/div>\n\t\t\t\t<\/div>\n\t\t<div class=\"elementor-element elementor-element-4328807 e-con-full e-flex e-con e-child\" data-id=\"4328807\" data-element_type=\"container\" data-e-type=\"container\">\n\t\t\t\t<div class=\"elementor-element elementor-element-6f8a92b elementor-tablet-align-center elementor-align-center elementor-list-item-link-full_width elementor-widget elementor-widget-icon-list\" data-id=\"6f8a92b\" data-element_type=\"widget\" data-e-type=\"widget\" data-widget_type=\"icon-list.default\">\n\t\t\t\t<div class=\"elementor-widget-container\">\n\t\t\t\t\t\t\t<ul class=\"elementor-icon-list-items\">\n\t\t\t\t\t\t\t<li class=\"elementor-icon-list-item\">\n\t\t\t\t\t\t\t\t\t\t<span class=\"elementor-icon-list-text\"> Ehlen Bau GmbH<\/span>\n\t\t\t\t\t\t\t\t\t<\/li>\n\t\t\t\t\t\t\t\t<li class=\"elementor-icon-list-item\">\n\t\t\t\t\t\t\t\t\t\t<span class=\"elementor-icon-list-text\"> Br\u00fcggener Stra\u00dfe 11,  50354 H\u00fcrth-Berrenrath<\/span>\n\t\t\t\t\t\t\t\t\t<\/li>\n\t\t\t\t\t\t\t\t<li class=\"elementor-icon-list-item\">\n\t\t\t\t\t\t\t\t\t\t<span class=\"elementor-icon-list-text\"> Telefon: 0 22 33 - 36 769, Telefax: 0 22 33 - 37 35 60,  E-Mail:  info@ehlen-bau.de<\/span>\n\t\t\t\t\t\t\t\t\t<\/li>\n\t\t\t\t\t\t<\/ul>\n\t\t\t\t\t\t<\/div>\n\t\t\t\t<\/div>\n\t\t\t\t<\/div>\n\t\t<div class=\"elementor-element elementor-element-f3d6d5b e-con-full e-flex e-con e-child\" data-id=\"f3d6d5b\" data-element_type=\"container\" data-e-type=\"container\">\n\t\t\t\t<\/div>\n\t\t\t\t\t<\/div>\n\t\t\t\t<\/footer>\n\t\t<div class=\"elementor-element elementor-element-7b766b5 e-con-full e-flex e-con e-parent\" data-id=\"7b766b5\" data-element_type=\"container\" data-e-type=\"container\" data-settings=\"{&quot;background_background&quot;:&quot;classic&quot;}\">\n\t\t\t\t<div class=\"elementor-element elementor-element-026806b elementor-widget elementor-widget-heading\" data-id=\"026806b\" data-element_type=\"widget\" data-e-type=\"widget\" data-widget_type=\"heading.default\">\n\t\t\t\t<div class=\"elementor-widget-container\">\n\t\t\t\t\t<p class=\"elementor-heading-title elementor-size-default\"> Ehlen Bau GmbH, 2008 - 2025\u00a9<\/p>\t\t\t\t<\/div>\n\t\t\t\t<\/div>\n\t\t\t\t<\/div>\n\t\t\t\t<\/div>\n\t\t","protected":false},"excerpt":{"rendered":"<p>Impressum Website Ehlen Bau GmbHGem\u00e4\u00df \u00a7 28 BDSG widerspreche ich jeder kommerziellen Verwendung und Weitergabe meinerDaten und den Daten von der InternetseiteDas Impressum gilt nur f\u00fcr die Internetpr\u00e4senz unter der Adresse:http:\/\/www.ehlen-bau.de Die Web-Pr\u00e4senz ist Teil des WWW und dementsprechend mit fremden, sich jederzeit wandelnk\u00f6nnenden Web-Sites verkn\u00fcpft, die folglich auch nicht diesem Verantwortungsbereichunterliegen und f\u00fcr die [&hellip;]<\/p>\n","protected":false},"author":2,"featured_media":0,"parent":0,"menu_order":0,"comment_status":"closed","ping_status":"closed","template":"","meta":{"ocean_post_layout":"full-screen","ocean_both_sidebars_style":"","ocean_both_sidebars_content_width":0,"ocean_both_sidebars_sidebars_width":0,"ocean_sidebar":"","ocean_second_sidebar":"","ocean_disable_margins":"enable","ocean_add_body_class":"","ocean_shortcode_before_top_bar":"","ocean_shortcode_after_top_bar":"","ocean_shortcode_before_header":"","ocean_shortcode_after_header":"","ocean_has_shortcode":"","ocean_shortcode_after_title":"","ocean_shortcode_before_footer_widgets":"","ocean_shortcode_after_footer_widgets":"","ocean_shortcode_before_footer_bottom":"","ocean_shortcode_after_footer_bottom":"","ocean_display_top_bar":"off","ocean_display_header":"default","ocean_header_style":"center","ocean_center_header_left_menu":"","ocean_custom_header_template":"","ocean_custom_logo":0,"ocean_custom_retina_logo":0,"ocean_custom_logo_max_width":0,"ocean_custom_logo_tablet_max_width":0,"ocean_custom_logo_mobile_max_width":0,"ocean_custom_logo_max_height":0,"ocean_custom_logo_tablet_max_height":0,"ocean_custom_logo_mobile_max_height":0,"ocean_header_custom_menu":"","ocean_menu_typo_font_family":"","ocean_menu_typo_font_subset":"","ocean_menu_typo_font_size":0,"ocean_menu_typo_font_size_tablet":0,"ocean_menu_typo_font_size_mobile":0,"ocean_menu_typo_font_size_unit":"px","ocean_menu_typo_font_weight":"","ocean_menu_typo_font_weight_tablet":"","ocean_menu_typo_font_weight_mobile":"","ocean_menu_typo_transform":"","ocean_menu_typo_transform_tablet":"","ocean_menu_typo_transform_mobile":"","ocean_menu_typo_line_height":0,"ocean_menu_typo_line_height_tablet":0,"ocean_menu_typo_line_height_mobile":0,"ocean_menu_typo_line_height_unit":"","ocean_menu_typo_spacing":0,"ocean_menu_typo_spacing_tablet":0,"ocean_menu_typo_spacing_mobile":0,"ocean_menu_typo_spacing_unit":"","ocean_menu_link_color":"","ocean_menu_link_color_hover":"","ocean_menu_link_color_active":"","ocean_menu_link_background":"","ocean_menu_link_hover_background":"","ocean_menu_link_active_background":"","ocean_menu_social_links_bg":"","ocean_menu_social_hover_links_bg":"","ocean_menu_social_links_color":"","ocean_menu_social_hover_links_color":"","ocean_disable_title":"default","ocean_disable_heading":"default","ocean_post_title":"","ocean_post_subheading":"","ocean_post_title_style":"","ocean_post_title_background_color":"","ocean_post_title_background":0,"ocean_post_title_bg_image_position":"","ocean_post_title_bg_image_attachment":"","ocean_post_title_bg_image_repeat":"","ocean_post_title_bg_image_size":"","ocean_post_title_height":0,"ocean_post_title_bg_overlay":0.5,"ocean_post_title_bg_overlay_color":"","ocean_disable_breadcrumbs":"default","ocean_breadcrumbs_color":"","ocean_breadcrumbs_separator_color":"","ocean_breadcrumbs_links_color":"","ocean_breadcrumbs_links_hover_color":"","ocean_display_footer_widgets":"default","ocean_display_footer_bottom":"off","ocean_custom_footer_template":"","footnotes":""},"class_list":["post-23","page","type-page","status-publish","hentry","entry"],"_links":{"self":[{"href":"https:\/\/ehlen-bau.de\/index.php?rest_route=\/wp\/v2\/pages\/23","targetHints":{"allow":["GET"]}}],"collection":[{"href":"https:\/\/ehlen-bau.de\/index.php?rest_route=\/wp\/v2\/pages"}],"about":[{"href":"https:\/\/ehlen-bau.de\/index.php?rest_route=\/wp\/v2\/types\/page"}],"author":[{"embeddable":true,"href":"https:\/\/ehlen-bau.de\/index.php?rest_route=\/wp\/v2\/users\/2"}],"replies":[{"embeddable":true,"href":"https:\/\/ehlen-bau.de\/index.php?rest_route=%2Fwp%2Fv2%2Fcomments&post=23"}],"version-history":[{"count":10,"href":"https:\/\/ehlen-bau.de\/index.php?rest_route=\/wp\/v2\/pages\/23\/revisions"}],"predecessor-version":[{"id":212,"href":"https:\/\/ehlen-bau.de\/index.php?rest_route=\/wp\/v2\/pages\/23\/revisions\/212"}],"wp:attachment":[{"href":"https:\/\/ehlen-bau.de\/index.php?rest_route=%2Fwp%2Fv2%2Fmedia&parent=23"}],"curies":[{"name":"wp","href":"https:\/\/api.w.org\/{rel}","templated":true}]}}