{"id":17,"date":"2025-01-09T11:05:47","date_gmt":"2025-01-09T11:05:47","guid":{"rendered":"https:\/\/ehlen-bau.de\/?page_id=17"},"modified":"2025-01-10T11:34:46","modified_gmt":"2025-01-10T11:34:46","slug":"startseite","status":"publish","type":"page","link":"https:\/\/ehlen-bau.de\/","title":{"rendered":"Startseite"},"content":{"rendered":"\t\t<div data-elementor-type=\"wp-page\" data-elementor-id=\"17\" class=\"elementor elementor-17\">\n\t\t\t\t<footer class=\"elementor-element elementor-element-d372209 e-flex e-con-boxed e-con e-parent\" data-id=\"d372209\" data-element_type=\"container\" data-e-type=\"container\">\n\t\t\t\t\t<div class=\"e-con-inner\">\n\t\t<div class=\"elementor-element elementor-element-f0e0ee1 e-con-full e-flex e-con e-child\" data-id=\"f0e0ee1\" data-element_type=\"container\" data-e-type=\"container\">\n\t\t\t\t<div class=\"elementor-element elementor-element-e5586b8 elementor-widget elementor-widget-image\" data-id=\"e5586b8\" data-element_type=\"widget\" data-e-type=\"widget\" data-widget_type=\"image.default\">\n\t\t\t\t<div class=\"elementor-widget-container\">\n\t\t\t\t\t\t\t\t\t\t\t\t\t\t\t\t<a href=\"http:\/\/www.ehlen-bau.de\">\n\t\t\t\t\t\t\t<img decoding=\"async\" width=\"148\" height=\"151\" src=\"https:\/\/ehlen-bau.de\/wp-content\/uploads\/2025\/01\/Logo.png\" class=\"attachment-full size-full wp-image-81\" alt=\"\" \/>\t\t\t\t\t\t\t\t<\/a>\n\t\t\t\t\t\t\t\t\t\t\t\t\t\t\t<\/div>\n\t\t\t\t<\/div>\n\t\t\t\t<\/div>\n\t\t\t\t<div class=\"elementor-element elementor-element-a2feb12 elementor-widget elementor-widget-heading\" data-id=\"a2feb12\" data-element_type=\"widget\" data-e-type=\"widget\" data-widget_type=\"heading.default\">\n\t\t\t\t<div class=\"elementor-widget-container\">\n\t\t\t\t\t<h2 class=\"elementor-heading-title elementor-size-default\"> Herzlich Willkommen auf unserer\n Webseite! <\/h2>\t\t\t\t<\/div>\n\t\t\t\t<\/div>\n\t\t<div class=\"elementor-element elementor-element-81d5668 e-con-full e-flex e-con e-child\" data-id=\"81d5668\" data-element_type=\"container\" data-e-type=\"container\">\n\t\t\t\t<\/div>\n\t\t\t\t\t<\/div>\n\t\t\t\t<\/footer>\n\t\t<div class=\"elementor-element elementor-element-4bed126 e-flex e-con-boxed e-con e-parent\" data-id=\"4bed126\" data-element_type=\"container\" data-e-type=\"container\">\n\t\t\t\t\t<div class=\"e-con-inner\">\n\t\t\t\t<div class=\"elementor-element elementor-element-ef4fe8a elementor-widget elementor-widget-text-editor\" data-id=\"ef4fe8a\" data-element_type=\"widget\" data-e-type=\"widget\" data-widget_type=\"text-editor.default\">\n\t\t\t\t<div class=\"elementor-widget-container\">\n\t\t\t\t\t\t\t\t\t<p>Liebe Besucherinnen &amp; Besucher, <br \/>liebe Kundschaft,<\/p>\t\t\t\t\t\t\t\t<\/div>\n\t\t\t\t<\/div>\n\t\t\t\t\t<\/div>\n\t\t\t\t<\/div>\n\t\t<div class=\"elementor-element elementor-element-a4e6eb6 e-flex e-con-boxed e-con e-parent\" data-id=\"a4e6eb6\" data-element_type=\"container\" data-e-type=\"container\">\n\t\t\t\t\t<div class=\"e-con-inner\">\n\t\t\t\t<div class=\"elementor-element elementor-element-2470802 elementor-widget elementor-widget-text-editor\" data-id=\"2470802\" data-element_type=\"widget\" data-e-type=\"widget\" data-widget_type=\"text-editor.default\">\n\t\t\t\t<div class=\"elementor-widget-container\">\n\t\t\t\t\t\t\t\t\t<p>seit 1989 ist unser Familienunternehmen im Rhein-Erft-Kreis und K\u00f6lner<br \/>Wirtschaftsraum ein zuverl\u00e4ssiger Partner f\u00fcr Neubauten und<br \/>Sanierungsma\u00dfnahmen aller Art. Wir begleiten Sie bei der baulichen<br \/>Umsetzung Ihrer Wohngeb\u00e4ude und Gewerbebauten, wie beispielsweise<br \/>Schul- oder Gastronomiebauten. Und dies von der Gr\u00fcndung \u00fcber den<br \/>Tief- bis zum Hochbau. Insbesondere bei der Durchf\u00fchrung von<br \/>Sanierungsarbeiten zeigt sich unsere jahrelange Expertise. F\u00fcr die<br \/>fachgerechte Ausf\u00fchrung eines An- oder Umbaus bedarf es an einigen<br \/>Kernkompetenzen des Hochbaus, welche wir aus einer Hand liefern. Und<br \/>dies inklusive der notwendigen Abbrucharbeiten.<\/p><p>Aber auch im Tiefbau f\u00fchlen wir uns zu Hause und f\u00fchren s\u00e4mtliche Erd und Betonarbeiten in Eigenregie und ohne Subunternehmer durch.<\/p><p>\u00a0<\/p>\t\t\t\t\t\t\t\t<\/div>\n\t\t\t\t<\/div>\n\t\t\t\t<div class=\"elementor-element elementor-element-3b84de1 elementor-widget elementor-widget-text-editor\" data-id=\"3b84de1\" data-element_type=\"widget\" data-e-type=\"widget\" data-widget_type=\"text-editor.default\">\n\t\t\t\t<div class=\"elementor-widget-container\">\n\t\t\t\t\t\t\t\t\t<p>Sie planen ein privates\/ gewerbliches Neubauprojekt oder wollen Ihr<br \/>aktuelles zu Hause neu gestalten? Dann z\u00f6gern Sie nicht und<br \/>kontaktieren Sie uns f\u00fcr einen Beratungstermin. Wir stehen Ihnen gerne<br \/>kurzfristig f\u00fcr einen pers\u00f6nlichen Termin vor Ort zur Verf\u00fcgung.<\/p>\t\t\t\t\t\t\t\t<\/div>\n\t\t\t\t<\/div>\n\t\t\t\t<div class=\"elementor-element elementor-element-56c78cc elementor-widget elementor-widget-text-editor\" data-id=\"56c78cc\" data-element_type=\"widget\" data-e-type=\"widget\" data-widget_type=\"text-editor.default\">\n\t\t\t\t<div class=\"elementor-widget-container\">\n\t\t\t\t\t\t\t\t\t<p>In diesem Sinne freuen wir uns auf Ihre Kontaktaufnahme und verbleiben<br \/>mit freundlichen Gr\u00fc\u00dfen aus H\u00fcrth,<\/p><p>\u00a0<\/p><p>Ihr Thomas Ehlen<\/p>\t\t\t\t\t\t\t\t<\/div>\n\t\t\t\t<\/div>\n\t\t\t\t\t<\/div>\n\t\t\t\t<\/div>\n\t\t<div class=\"elementor-element elementor-element-e583315 e-flex e-con-boxed e-con e-parent\" data-id=\"e583315\" data-element_type=\"container\" data-e-type=\"container\">\n\t\t\t\t\t<div class=\"e-con-inner\">\n\t\t<div class=\"elementor-element elementor-element-8277305 e-con-full e-flex e-con e-child\" data-id=\"8277305\" data-element_type=\"container\" data-e-type=\"container\">\n\t\t\t\t<div class=\"elementor-element elementor-element-4268584 elementor-widget elementor-widget-image\" data-id=\"4268584\" data-element_type=\"widget\" data-e-type=\"widget\" data-widget_type=\"image.default\">\n\t\t\t\t<div class=\"elementor-widget-container\">\n\t\t\t\t\t\t\t\t\t\t\t\t\t\t\t<img fetchpriority=\"high\" decoding=\"async\" width=\"724\" height=\"1024\" src=\"https:\/\/ehlen-bau.de\/wp-content\/uploads\/2025\/01\/Zertifikat-1-724x1024.jpg\" class=\"elementor-animation-grow attachment-large size-large wp-image-188\" alt=\"\" srcset=\"https:\/\/ehlen-bau.de\/wp-content\/uploads\/2025\/01\/Zertifikat-1-724x1024.jpg 724w, https:\/\/ehlen-bau.de\/wp-content\/uploads\/2025\/01\/Zertifikat-1-212x300.jpg 212w, https:\/\/ehlen-bau.de\/wp-content\/uploads\/2025\/01\/Zertifikat-1-768x1087.jpg 768w, https:\/\/ehlen-bau.de\/wp-content\/uploads\/2025\/01\/Zertifikat-1-1085x1536.jpg 1085w, https:\/\/ehlen-bau.de\/wp-content\/uploads\/2025\/01\/Zertifikat-1.jpg 1414w\" sizes=\"(max-width: 724px) 100vw, 724px\" \/>\t\t\t\t\t\t\t\t\t\t\t\t\t\t\t<\/div>\n\t\t\t\t<\/div>\n\t\t\t\t<\/div>\n\t\t<div class=\"elementor-element elementor-element-96f5d9e e-con-full e-flex e-con e-child\" data-id=\"96f5d9e\" data-element_type=\"container\" data-e-type=\"container\">\n\t\t\t\t<div class=\"elementor-element elementor-element-3b43842 elementor-widget elementor-widget-image\" data-id=\"3b43842\" data-element_type=\"widget\" data-e-type=\"widget\" data-widget_type=\"image.default\">\n\t\t\t\t<div class=\"elementor-widget-container\">\n\t\t\t\t\t\t\t\t\t\t\t\t\t\t\t<img decoding=\"async\" src=\"https:\/\/ehlen-bau.de\/wp-content\/uploads\/2025\/01\/Ausbildungs-Oscar-1.jpg\" title=\"Ausbildungs-Oscar-1\" alt=\"Ausbildungs-Oscar-1\" class=\"elementor-animation-grow\" loading=\"lazy\" \/>\t\t\t\t\t\t\t\t\t\t\t\t\t\t\t<\/div>\n\t\t\t\t<\/div>\n\t\t\t\t<\/div>\n\t\t<div class=\"elementor-element elementor-element-2a702c7 e-con-full e-flex e-con e-child\" data-id=\"2a702c7\" data-element_type=\"container\" data-e-type=\"container\">\n\t\t\t\t<div class=\"elementor-element elementor-element-99bea91 elementor-widget elementor-widget-image\" data-id=\"99bea91\" data-element_type=\"widget\" data-e-type=\"widget\" data-widget_type=\"image.default\">\n\t\t\t\t<div class=\"elementor-widget-container\">\n\t\t\t\t\t\t\t\t\t\t\t\t\t\t\t<img decoding=\"async\" width=\"732\" height=\"1024\" src=\"https:\/\/ehlen-bau.de\/wp-content\/uploads\/2025\/01\/Geprufter-Innungsbetrieb-1-732x1024.jpg\" class=\"elementor-animation-grow attachment-large size-large wp-image-191\" alt=\"\" srcset=\"https:\/\/ehlen-bau.de\/wp-content\/uploads\/2025\/01\/Geprufter-Innungsbetrieb-1-732x1024.jpg 732w, https:\/\/ehlen-bau.de\/wp-content\/uploads\/2025\/01\/Geprufter-Innungsbetrieb-1-214x300.jpg 214w, https:\/\/ehlen-bau.de\/wp-content\/uploads\/2025\/01\/Geprufter-Innungsbetrieb-1-768x1075.jpg 768w, https:\/\/ehlen-bau.de\/wp-content\/uploads\/2025\/01\/Geprufter-Innungsbetrieb-1-1097x1536.jpg 1097w, https:\/\/ehlen-bau.de\/wp-content\/uploads\/2025\/01\/Geprufter-Innungsbetrieb-1.jpg 1429w\" sizes=\"(max-width: 732px) 100vw, 732px\" \/>\t\t\t\t\t\t\t\t\t\t\t\t\t\t\t<\/div>\n\t\t\t\t<\/div>\n\t\t\t\t<\/div>\n\t\t<div class=\"elementor-element elementor-element-2fe3bf2 e-con-full e-flex e-con e-child\" data-id=\"2fe3bf2\" data-element_type=\"container\" data-e-type=\"container\">\n\t\t\t\t<div class=\"elementor-element elementor-element-7a8a1b2 elementor-widget elementor-widget-image\" data-id=\"7a8a1b2\" data-element_type=\"widget\" data-e-type=\"widget\" data-widget_type=\"image.default\">\n\t\t\t\t<div class=\"elementor-widget-container\">\n\t\t\t\t\t\t\t\t\t\t\t\t\t\t\t<img loading=\"lazy\" decoding=\"async\" width=\"767\" height=\"1024\" src=\"https:\/\/ehlen-bau.de\/wp-content\/uploads\/2025\/01\/Meisterbetrieb-1-767x1024.jpg\" class=\"elementor-animation-grow attachment-large size-large wp-image-190\" alt=\"\" srcset=\"https:\/\/ehlen-bau.de\/wp-content\/uploads\/2025\/01\/Meisterbetrieb-1-767x1024.jpg 767w, https:\/\/ehlen-bau.de\/wp-content\/uploads\/2025\/01\/Meisterbetrieb-1-225x300.jpg 225w, https:\/\/ehlen-bau.de\/wp-content\/uploads\/2025\/01\/Meisterbetrieb-1-768x1025.jpg 768w, https:\/\/ehlen-bau.de\/wp-content\/uploads\/2025\/01\/Meisterbetrieb-1-1151x1536.jpg 1151w, https:\/\/ehlen-bau.de\/wp-content\/uploads\/2025\/01\/Meisterbetrieb-1.jpg 1499w\" sizes=\"(max-width: 767px) 100vw, 767px\" \/>\t\t\t\t\t\t\t\t\t\t\t\t\t\t\t<\/div>\n\t\t\t\t<\/div>\n\t\t\t\t<\/div>\n\t\t<div class=\"elementor-element elementor-element-2f46362 e-con-full e-flex e-con e-child\" data-id=\"2f46362\" data-element_type=\"container\" data-e-type=\"container\">\n\t\t\t\t<\/div>\n\t\t<div class=\"elementor-element elementor-element-6f3085e e-con-full e-flex e-con e-child\" data-id=\"6f3085e\" data-element_type=\"container\" data-e-type=\"container\">\n\t\t\t\t<div class=\"elementor-element elementor-element-478407b elementor-widget elementor-widget-image\" data-id=\"478407b\" data-element_type=\"widget\" data-e-type=\"widget\" data-widget_type=\"image.default\">\n\t\t\t\t<div class=\"elementor-widget-container\">\n\t\t\t\t\t\t\t\t\t\t\t\t\t\t\t<img loading=\"lazy\" decoding=\"async\" width=\"768\" height=\"1024\" src=\"https:\/\/ehlen-bau.de\/wp-content\/uploads\/2025\/01\/Meisterbrief-Beton-1-768x1024.jpg\" class=\"elementor-animation-grow attachment-large size-large wp-image-189\" alt=\"\" srcset=\"https:\/\/ehlen-bau.de\/wp-content\/uploads\/2025\/01\/Meisterbrief-Beton-1-768x1024.jpg 768w, https:\/\/ehlen-bau.de\/wp-content\/uploads\/2025\/01\/Meisterbrief-Beton-1-225x300.jpg 225w, https:\/\/ehlen-bau.de\/wp-content\/uploads\/2025\/01\/Meisterbrief-Beton-1-1152x1536.jpg 1152w, https:\/\/ehlen-bau.de\/wp-content\/uploads\/2025\/01\/Meisterbrief-Beton-1.jpg 1500w\" sizes=\"(max-width: 768px) 100vw, 768px\" \/>\t\t\t\t\t\t\t\t\t\t\t\t\t\t\t<\/div>\n\t\t\t\t<\/div>\n\t\t\t\t<\/div>\n\t\t\t\t\t<\/div>\n\t\t\t\t<\/div>\n\t\t<footer class=\"elementor-element elementor-element-63ba8f13 e-flex e-con-boxed e-con e-parent\" data-id=\"63ba8f13\" data-element_type=\"container\" data-e-type=\"container\">\n\t\t\t\t\t<div class=\"e-con-inner\">\n\t\t\t\t<div class=\"elementor-element elementor-element-eebdc6a elementor-widget elementor-widget-text-editor\" data-id=\"eebdc6a\" data-element_type=\"widget\" data-e-type=\"widget\" data-widget_type=\"text-editor.default\">\n\t\t\t\t<div class=\"elementor-widget-container\">\n\t\t\t\t\t\t\t\t\t<p>\u00a0Qualit\u00e4t aus Meister-Hand!<\/p>\t\t\t\t\t\t\t\t<\/div>\n\t\t\t\t<\/div>\n\t\t\t\t\t<\/div>\n\t\t\t\t<\/footer>\n\t\t<footer class=\"elementor-element elementor-element-c8a4528 e-flex e-con-boxed e-con e-parent\" data-id=\"c8a4528\" data-element_type=\"container\" data-e-type=\"container\">\n\t\t\t\t\t<div class=\"e-con-inner\">\n\t\t<div class=\"elementor-element elementor-element-bd76a59 e-con-full e-flex e-con e-child\" data-id=\"bd76a59\" data-element_type=\"container\" data-e-type=\"container\">\n\t\t\t\t<div class=\"elementor-element elementor-element-b6a7318 elementor-widget elementor-widget-image\" data-id=\"b6a7318\" data-element_type=\"widget\" data-e-type=\"widget\" data-widget_type=\"image.default\">\n\t\t\t\t<div class=\"elementor-widget-container\">\n\t\t\t\t\t\t\t\t\t\t\t\t\t\t\t\t<a href=\"http:\/\/www.ehlen-bau.de\">\n\t\t\t\t\t\t\t<img decoding=\"async\" width=\"148\" height=\"151\" src=\"https:\/\/ehlen-bau.de\/wp-content\/uploads\/2025\/01\/Logo.png\" class=\"attachment-full size-full wp-image-81\" alt=\"\" \/>\t\t\t\t\t\t\t\t<\/a>\n\t\t\t\t\t\t\t\t\t\t\t\t\t\t\t<\/div>\n\t\t\t\t<\/div>\n\t\t\t\t<\/div>\n\t\t<div class=\"elementor-element elementor-element-281c304 e-con-full e-flex e-con e-child\" data-id=\"281c304\" data-element_type=\"container\" data-e-type=\"container\">\n\t\t\t\t<div class=\"elementor-element elementor-element-ee23b0e elementor-tablet-align-center elementor-align-center elementor-list-item-link-full_width elementor-widget elementor-widget-icon-list\" data-id=\"ee23b0e\" data-element_type=\"widget\" data-e-type=\"widget\" data-widget_type=\"icon-list.default\">\n\t\t\t\t<div class=\"elementor-widget-container\">\n\t\t\t\t\t\t\t<ul class=\"elementor-icon-list-items\">\n\t\t\t\t\t\t\t<li class=\"elementor-icon-list-item\">\n\t\t\t\t\t\t\t\t\t\t<span class=\"elementor-icon-list-text\"> Ehlen Bau GmbH<\/span>\n\t\t\t\t\t\t\t\t\t<\/li>\n\t\t\t\t\t\t\t\t<li class=\"elementor-icon-list-item\">\n\t\t\t\t\t\t\t\t\t\t<span class=\"elementor-icon-list-text\"> Br\u00fcggener Stra\u00dfe 11,  50354 H\u00fcrth-Berrenrath<\/span>\n\t\t\t\t\t\t\t\t\t<\/li>\n\t\t\t\t\t\t\t\t<li class=\"elementor-icon-list-item\">\n\t\t\t\t\t\t\t\t\t\t<span class=\"elementor-icon-list-text\"> Telefon: 0 22 33 - 36 769, Telefax: 0 22 33 - 37 35 60,  E-Mail:  info@ehlen-bau.de<\/span>\n\t\t\t\t\t\t\t\t\t<\/li>\n\t\t\t\t\t\t<\/ul>\n\t\t\t\t\t\t<\/div>\n\t\t\t\t<\/div>\n\t\t\t\t<\/div>\n\t\t<div class=\"elementor-element elementor-element-a106eac e-con-full e-flex e-con e-child\" data-id=\"a106eac\" data-element_type=\"container\" data-e-type=\"container\">\n\t\t\t\t<\/div>\n\t\t\t\t\t<\/div>\n\t\t\t\t<\/footer>\n\t\t<div class=\"elementor-element elementor-element-6fbd681b e-con-full e-flex e-con e-parent\" data-id=\"6fbd681b\" data-element_type=\"container\" data-e-type=\"container\" data-settings=\"{&quot;background_background&quot;:&quot;classic&quot;}\">\n\t\t\t\t<div class=\"elementor-element elementor-element-4a698a5a elementor-widget elementor-widget-heading\" data-id=\"4a698a5a\" data-element_type=\"widget\" data-e-type=\"widget\" data-widget_type=\"heading.default\">\n\t\t\t\t<div class=\"elementor-widget-container\">\n\t\t\t\t\t<p class=\"elementor-heading-title elementor-size-default\"> Ehlen Bau GmbH, 2008 - 2025\u00a9<\/p>\t\t\t\t<\/div>\n\t\t\t\t<\/div>\n\t\t\t\t<\/div>\n\t\t\t\t<\/div>\n\t\t","protected":false},"excerpt":{"rendered":"<p>Herzlich Willkommen auf unserer Webseite! Liebe Besucherinnen &amp; Besucher, liebe Kundschaft, seit 1989 ist unser Familienunternehmen im Rhein-Erft-Kreis und K\u00f6lnerWirtschaftsraum ein zuverl\u00e4ssiger Partner f\u00fcr Neubauten undSanierungsma\u00dfnahmen aller Art. Wir begleiten Sie bei der baulichenUmsetzung Ihrer Wohngeb\u00e4ude und Gewerbebauten, wie beispielsweiseSchul- oder Gastronomiebauten. Und dies von der Gr\u00fcndung \u00fcber denTief- bis zum Hochbau. Insbesondere bei der [&hellip;]<\/p>\n","protected":false},"author":2,"featured_media":0,"parent":0,"menu_order":0,"comment_status":"closed","ping_status":"closed","template":"elementor_header_footer","meta":{"ocean_post_layout":"full-width","ocean_both_sidebars_style":"","ocean_both_sidebars_content_width":0,"ocean_both_sidebars_sidebars_width":0,"ocean_sidebar":"","ocean_second_sidebar":"","ocean_disable_margins":"enable","ocean_add_body_class":"","ocean_shortcode_before_top_bar":"","ocean_shortcode_after_top_bar":"","ocean_shortcode_before_header":"","ocean_shortcode_after_header":"","ocean_has_shortcode":"","ocean_shortcode_after_title":"","ocean_shortcode_before_footer_widgets":"","ocean_shortcode_after_footer_widgets":"","ocean_shortcode_before_footer_bottom":"","ocean_shortcode_after_footer_bottom":"","ocean_display_top_bar":"off","ocean_display_header":"default","ocean_header_style":"center","ocean_center_header_left_menu":"","ocean_custom_header_template":"","ocean_custom_logo":0,"ocean_custom_retina_logo":0,"ocean_custom_logo_max_width":0,"ocean_custom_logo_tablet_max_width":0,"ocean_custom_logo_mobile_max_width":0,"ocean_custom_logo_max_height":0,"ocean_custom_logo_tablet_max_height":0,"ocean_custom_logo_mobile_max_height":0,"ocean_header_custom_menu":"3","ocean_menu_typo_font_family":"","ocean_menu_typo_font_subset":"","ocean_menu_typo_font_size":0,"ocean_menu_typo_font_size_tablet":0,"ocean_menu_typo_font_size_mobile":0,"ocean_menu_typo_font_size_unit":"","ocean_menu_typo_font_weight":"","ocean_menu_typo_font_weight_tablet":"","ocean_menu_typo_font_weight_mobile":"","ocean_menu_typo_transform":"","ocean_menu_typo_transform_tablet":"","ocean_menu_typo_transform_mobile":"","ocean_menu_typo_line_height":0,"ocean_menu_typo_line_height_tablet":0,"ocean_menu_typo_line_height_mobile":0,"ocean_menu_typo_line_height_unit":"","ocean_menu_typo_spacing":0,"ocean_menu_typo_spacing_tablet":0,"ocean_menu_typo_spacing_mobile":0,"ocean_menu_typo_spacing_unit":"","ocean_menu_link_color":"","ocean_menu_link_color_hover":"","ocean_menu_link_color_active":"","ocean_menu_link_background":"#00000000","ocean_menu_link_hover_background":"#00000000","ocean_menu_link_active_background":"#00000000","ocean_menu_social_links_bg":"#00000000","ocean_menu_social_hover_links_bg":"#00000000","ocean_menu_social_links_color":"#00000000","ocean_menu_social_hover_links_color":"#00000000","ocean_disable_title":"default","ocean_disable_heading":"default","ocean_post_title":"","ocean_post_subheading":"","ocean_post_title_style":"","ocean_post_title_background_color":"","ocean_post_title_background":0,"ocean_post_title_bg_image_position":"","ocean_post_title_bg_image_attachment":"","ocean_post_title_bg_image_repeat":"","ocean_post_title_bg_image_size":"","ocean_post_title_height":0,"ocean_post_title_bg_overlay":0.5,"ocean_post_title_bg_overlay_color":"","ocean_disable_breadcrumbs":"off","ocean_breadcrumbs_color":"","ocean_breadcrumbs_separator_color":"","ocean_breadcrumbs_links_color":"","ocean_breadcrumbs_links_hover_color":"","ocean_display_footer_widgets":"default","ocean_display_footer_bottom":"off","ocean_custom_footer_template":"","footnotes":""},"class_list":["post-17","page","type-page","status-publish","hentry","entry"],"_links":{"self":[{"href":"https:\/\/ehlen-bau.de\/index.php?rest_route=\/wp\/v2\/pages\/17","targetHints":{"allow":["GET"]}}],"collection":[{"href":"https:\/\/ehlen-bau.de\/index.php?rest_route=\/wp\/v2\/pages"}],"about":[{"href":"https:\/\/ehlen-bau.de\/index.php?rest_route=\/wp\/v2\/types\/page"}],"author":[{"embeddable":true,"href":"https:\/\/ehlen-bau.de\/index.php?rest_route=\/wp\/v2\/users\/2"}],"replies":[{"embeddable":true,"href":"https:\/\/ehlen-bau.de\/index.php?rest_route=%2Fwp%2Fv2%2Fcomments&post=17"}],"version-history":[{"count":76,"href":"https:\/\/ehlen-bau.de\/index.php?rest_route=\/wp\/v2\/pages\/17\/revisions"}],"predecessor-version":[{"id":218,"href":"https:\/\/ehlen-bau.de\/index.php?rest_route=\/wp\/v2\/pages\/17\/revisions\/218"}],"wp:attachment":[{"href":"https:\/\/ehlen-bau.de\/index.php?rest_route=%2Fwp%2Fv2%2Fmedia&parent=17"}],"curies":[{"name":"wp","href":"https:\/\/api.w.org\/{rel}","templated":true}]}}